{"id":422,"date":"2019-12-11T13:13:38","date_gmt":"2019-12-11T13:13:38","guid":{"rendered":"https:\/\/ruderverein-steyr.at\/?page_id=422"},"modified":"2019-12-11T13:46:56","modified_gmt":"2019-12-11T13:46:56","slug":"geschichte","status":"publish","type":"page","link":"https:\/\/ruderverein-steyr.at\/index.php\/geschichte\/","title":{"rendered":"GESCHICHTE"},"content":{"rendered":"\t\t<div data-elementor-type=\"wp-page\" data-elementor-id=\"422\" class=\"elementor elementor-422\">\n\t\t\t\t\t\t<section class=\"elementor-section elementor-top-section elementor-element elementor-element-0a336a9 elementor-section-boxed elementor-section-height-default elementor-section-height-default\" data-id=\"0a336a9\" data-element_type=\"section\" data-e-type=\"section\">\n\t\t\t\t\t\t<div class=\"elementor-container elementor-column-gap-default\">\n\t\t\t\t\t<div class=\"elementor-column elementor-col-100 elementor-top-column elementor-element elementor-element-d256718\" data-id=\"d256718\" data-element_type=\"column\" data-e-type=\"column\">\n\t\t\t<div class=\"elementor-widget-wrap elementor-element-populated\">\n\t\t\t\t\t\t<div class=\"elementor-element elementor-element-0ce8e3a elementor-widget elementor-widget-spacer\" data-id=\"0ce8e3a\" data-element_type=\"widget\" data-e-type=\"widget\" data-widget_type=\"spacer.default\">\n\t\t\t\t<div class=\"elementor-widget-container\">\n\t\t\t\t\t\t\t<div class=\"elementor-spacer\">\n\t\t\t<div class=\"elementor-spacer-inner\"><\/div>\n\t\t<\/div>\n\t\t\t\t\t\t<\/div>\n\t\t\t\t<\/div>\n\t\t\t\t\t<\/div>\n\t\t<\/div>\n\t\t\t\t\t<\/div>\n\t\t<\/section>\n\t\t\t\t<section class=\"elementor-section elementor-top-section elementor-element elementor-element-7e4173d elementor-section-boxed elementor-section-height-default elementor-section-height-default\" data-id=\"7e4173d\" data-element_type=\"section\" data-e-type=\"section\">\n\t\t\t\t\t\t<div class=\"elementor-container elementor-column-gap-default\">\n\t\t\t\t\t<div class=\"elementor-column elementor-col-16 elementor-top-column elementor-element elementor-element-dcdcce7\" data-id=\"dcdcce7\" data-element_type=\"column\" data-e-type=\"column\">\n\t\t\t<div class=\"elementor-widget-wrap\">\n\t\t\t\t\t\t\t<\/div>\n\t\t<\/div>\n\t\t\t\t<div class=\"elementor-column elementor-col-66 elementor-top-column elementor-element elementor-element-dd03d02\" data-id=\"dd03d02\" data-element_type=\"column\" data-e-type=\"column\">\n\t\t\t<div class=\"elementor-widget-wrap elementor-element-populated\">\n\t\t\t\t\t\t<div class=\"elementor-element elementor-element-e86b57b elementor-widget elementor-widget-text-editor\" data-id=\"e86b57b\" data-element_type=\"widget\" data-e-type=\"widget\" data-widget_type=\"text-editor.default\">\n\t\t\t\t<div class=\"elementor-widget-container\">\n\t\t\t\t\t\t\t\t\t<h1 style=\"text-align: center;\">GESCHICHTE<br \/>Ruderverein 1888<\/h1>\t\t\t\t\t\t\t\t<\/div>\n\t\t\t\t<\/div>\n\t\t\t\t\t<\/div>\n\t\t<\/div>\n\t\t\t\t<div class=\"elementor-column elementor-col-16 elementor-top-column elementor-element elementor-element-4b36de9\" data-id=\"4b36de9\" data-element_type=\"column\" data-e-type=\"column\">\n\t\t\t<div class=\"elementor-widget-wrap\">\n\t\t\t\t\t\t\t<\/div>\n\t\t<\/div>\n\t\t\t\t\t<\/div>\n\t\t<\/section>\n\t\t\t\t<section class=\"elementor-section elementor-top-section elementor-element elementor-element-0595f9a elementor-section-boxed elementor-section-height-default elementor-section-height-default\" data-id=\"0595f9a\" data-element_type=\"section\" data-e-type=\"section\">\n\t\t\t\t\t\t<div class=\"elementor-container elementor-column-gap-default\">\n\t\t\t\t\t<div class=\"elementor-column elementor-col-16 elementor-top-column elementor-element elementor-element-8412295\" data-id=\"8412295\" data-element_type=\"column\" data-e-type=\"column\">\n\t\t\t<div class=\"elementor-widget-wrap\">\n\t\t\t\t\t\t\t<\/div>\n\t\t<\/div>\n\t\t\t\t<div class=\"elementor-column elementor-col-66 elementor-top-column elementor-element elementor-element-f1bbd6e\" data-id=\"f1bbd6e\" data-element_type=\"column\" data-e-type=\"column\">\n\t\t\t<div class=\"elementor-widget-wrap elementor-element-populated\">\n\t\t\t\t\t\t<div class=\"elementor-element elementor-element-7cfca9f elementor-widget elementor-widget-text-editor\" data-id=\"7cfca9f\" data-element_type=\"widget\" data-e-type=\"widget\" data-widget_type=\"text-editor.default\">\n\t\t\t\t<div class=\"elementor-widget-container\">\n\t\t\t\t\t\t\t\t\t<p><strong>GR\u00dcNDUNG<\/strong><\/p><p>Wie aus unserem Vereinsnamen hervorgeht, wurde der Verein bereits im Jahr 1888 gegr\u00fcndet. Die Gr\u00fcndungsmitglieder waren 12 M\u00e4nner (Frauen wurden anf\u00e4nglich nicht als Mitglieder aufgenommen). Das Bootshaus befand sich damals nahe des Hotels Minichmayr, ennsabw\u00e4rts am rechten Ennsufer. In den beiden ersten Jahrzehnten des Vereinsbestandes herrschte reger Betrieb. Mit Ansteigen der Popularit\u00e4t des Radsports um 1910 verringerte sich die Mitgliederzahl und das Interesse am Rudersport lie\u00df nach.<\/p><p><strong>1. UND 2. WELTKRIEG<\/strong><\/p><p>W\u00e4hrend des ersten Weltkrieges war der Ruderbetrieb praktisch eingestellt. Anschlie\u00dfend haben die ersten Aktivit\u00e4ten wieder vom alten Bootshaus aus stattgefunden. 1930 hatte der Verein etwa 50 Mitglieder und 6 Boote. Anfang der 40er Jahre erwarb man das Gel\u00e4nde mit Bootshaus an der Stelle, wo sich das \u201eBootshaus Steyr\u201c heute befindet. Von 1942 bis 1950 ruhte der Ruderbetrieb zuerst kriegsbedingt, am Kriegsende und danach wurde das Bootshaus zum Pferdestall zweckentfremdet. Ab 1950 kam der Ruderbetrieb nur langsam in Schwung, da viele Mitglieder gefallen waren und neue Ruderer gesucht und ausgebildet werden mussten.<\/p><p><strong>GOLDENE ZEITEN<\/strong><\/p><p>In den darauffolgenden Jahren war das Vereinsleben sehr rege \u2013 Bordfeste, sogar Vereinsb\u00e4lle wurden veranstaltet, aber auch mit der Teilnahme an namhaften Regatten wurden begonnen. Es gelang, mit einer guten Mannschaft einige Erfolge einzufahren, das Interesse und die Mitgliederzahl ist damit deutlich gestiegen. Auch war dies der Zeitpunkt, ab dem auch Frauen in den Verein aufgenommen wurden. 1961 errang der Verein Platz 1 beim \u00f6sterreichischen Leistungstag. Im Sommer 1964 ruderten die Mitglieder Franz Hofer und Fritz Saibl von Bregenz nach Rotterdam \u2013 1002 km in 2 Wochen \u2013 und fanden mit dieser Leistung gro\u00dfe Beachtung in den Medien.<\/p><p><strong>STAGNATION UND WIEDERAUFERSTEHUNG<\/strong><\/p><p>In den 70er Jahren stagnierte der Rennsport und wurde erst wieder ab 1996 verst\u00e4rkt begonnen. Es konnten durch Verbesserung des Bootsmaterials, Anschaffung eines Motorbootes f\u00fcr den Trainer und gezieltes Training, die fr\u00fcheren Erfolge weit \u00fcbertroffen werden. Wolfgang Riess hat mit der Ablegung der Pr\u00fcfung zum \u201estaatlich anerkannten Lehrwart\u201c im Jahr 1997 eine bis dahin nicht da gewesene Intensivierung der Regattateilnahmen eingeleitet. Im Jahr 1978 wurde von einem Wassersportverein in Gro\u00dframing das derzeitige Bootshaus Garsten erworben und auf dem von den Ennskraftwerken gepachteten Grund in der Gemeinde St. Ulrich, Eisenstra\u00dfe 86a, aufgestellt.<\/p><p><strong>DIE JAHRHUNDERTFLUT 2002 \u2013 EIN SCHWERER SCHLAG<\/strong><\/p><p>Eine gro\u00dfe Herausforderung bedeutete das Jahrhundert-Hochwasser 2002. Boote wurden besch\u00e4digt, sogar die riesigen Bootshaustore wurden weggeschwemmt. Werkst\u00e4tte, K\u00fcche und Umkleideraum waren von Schlamm zu befreien und trockenzulegen. Das gesamte Bootshaus-Gel\u00e4nde in Steyr stand bis zu 2,5 Meter unter Wasser. Mit einer Anzahl Vereinsmitglieder und mit Hilfe des Bundesheeres und der Stadt Steyr, konnte der fr\u00fchere Zustand ann\u00e4hernd wiederhergestellt werden.<\/p><p><strong>DIE GEGENWART<\/strong><\/p><p>Das Vereinsgeschehen spielt sich haupts\u00e4chlich im Bootshaus am Stausee in Garsten ab. <br \/>Eine unerm\u00fcdliche Aufbauarbeit und Ausbildung von vielen Sch\u00fclern und auch Erwachsenen Interessenten am Rudersport, hat den Verein in den vergangenen Jahren in das Feld der aktiven \u00f6sterreichischen Rudervereine vordringen lassen. W\u00e4hrend im Jugendbereich daran gearbeitet wird, Sch\u00fclerInnen die Teilnahme an Regatten zu erm\u00f6glichen, steht im Bereich Breitensport die k\u00f6rperliche Bet\u00e4tigung in einer geselligen Runde im Vordergrund. Mittlerweile liegt unser Mitgliederbestand zwischen 70 und 80 Personen.<\/p>\t\t\t\t\t\t\t\t<\/div>\n\t\t\t\t<\/div>\n\t\t\t\t\t<\/div>\n\t\t<\/div>\n\t\t\t\t<div class=\"elementor-column elementor-col-16 elementor-top-column elementor-element elementor-element-5075a81\" data-id=\"5075a81\" data-element_type=\"column\" data-e-type=\"column\">\n\t\t\t<div class=\"elementor-widget-wrap\">\n\t\t\t\t\t\t\t<\/div>\n\t\t<\/div>\n\t\t\t\t\t<\/div>\n\t\t<\/section>\n\t\t\t\t<section class=\"elementor-section elementor-top-section elementor-element elementor-element-fdd3dea elementor-section-boxed elementor-section-height-default elementor-section-height-default\" data-id=\"fdd3dea\" data-element_type=\"section\" data-e-type=\"section\">\n\t\t\t\t\t\t<div class=\"elementor-container elementor-column-gap-default\">\n\t\t\t\t\t<div class=\"elementor-column elementor-col-100 elementor-top-column elementor-element elementor-element-6f0a7ab\" data-id=\"6f0a7ab\" data-element_type=\"column\" data-e-type=\"column\">\n\t\t\t<div class=\"elementor-widget-wrap elementor-element-populated\">\n\t\t\t\t\t\t<div class=\"elementor-element elementor-element-2bd8897 elementor-widget elementor-widget-spacer\" data-id=\"2bd8897\" data-element_type=\"widget\" data-e-type=\"widget\" data-widget_type=\"spacer.default\">\n\t\t\t\t<div class=\"elementor-widget-container\">\n\t\t\t\t\t\t\t<div class=\"elementor-spacer\">\n\t\t\t<div class=\"elementor-spacer-inner\"><\/div>\n\t\t<\/div>\n\t\t\t\t\t\t<\/div>\n\t\t\t\t<\/div>\n\t\t\t\t\t<\/div>\n\t\t<\/div>\n\t\t\t\t\t<\/div>\n\t\t<\/section>\n\t\t\t\t<\/div>\n\t\t","protected":false},"excerpt":{"rendered":"<p>GESCHICHTE Ruderverein 1888 GR\u00dcNDUNG Wie aus unserem Vereinsnamen hervorgeht, wurde der Verein bereits im Jahr 1888 gegr\u00fcndet. Die Gr\u00fcndungsmitglieder waren 12 M\u00e4nner (Frauen wurden anf\u00e4nglich nicht als Mitglieder aufgenommen). Das Bootshaus befand sich damals nahe des Hotels Minichmayr, ennsabw\u00e4rts am rechten Ennsufer. In den beiden ersten Jahrzehnten des Vereinsbestandes herrschte reger Betrieb. Mit Ansteigen der [&hellip;]<\/p>\n","protected":false},"author":1,"featured_media":0,"parent":0,"menu_order":0,"comment_status":"closed","ping_status":"closed","template":"","meta":{"ocean_post_layout":"full-screen","ocean_both_sidebars_style":"","ocean_both_sidebars_content_width":0,"ocean_both_sidebars_sidebars_width":0,"ocean_sidebar":"0","ocean_second_sidebar":"0","ocean_disable_margins":"enable","ocean_add_body_class":"","ocean_shortcode_before_top_bar":"","ocean_shortcode_after_top_bar":"","ocean_shortcode_before_header":"","ocean_shortcode_after_header":"","ocean_has_shortcode":"","ocean_shortcode_after_title":"","ocean_shortcode_before_footer_widgets":"","ocean_shortcode_after_footer_widgets":"","ocean_shortcode_before_footer_bottom":"","ocean_shortcode_after_footer_bottom":"","ocean_display_top_bar":"off","ocean_display_header":"on","ocean_header_style":"","ocean_center_header_left_menu":"0","ocean_custom_header_template":"0","ocean_custom_logo":0,"ocean_custom_retina_logo":0,"ocean_custom_logo_max_width":0,"ocean_custom_logo_tablet_max_width":0,"ocean_custom_logo_mobile_max_width":0,"ocean_custom_logo_max_height":0,"ocean_custom_logo_tablet_max_height":0,"ocean_custom_logo_mobile_max_height":0,"ocean_header_custom_menu":"0","ocean_menu_typo_font_family":"0","ocean_menu_typo_font_subset":"","ocean_menu_typo_font_size":0,"ocean_menu_typo_font_size_tablet":0,"ocean_menu_typo_font_size_mobile":0,"ocean_menu_typo_font_size_unit":"px","ocean_menu_typo_font_weight":"","ocean_menu_typo_font_weight_tablet":"","ocean_menu_typo_font_weight_mobile":"","ocean_menu_typo_transform":"","ocean_menu_typo_transform_tablet":"","ocean_menu_typo_transform_mobile":"","ocean_menu_typo_line_height":0,"ocean_menu_typo_line_height_tablet":0,"ocean_menu_typo_line_height_mobile":0,"ocean_menu_typo_line_height_unit":"","ocean_menu_typo_spacing":0,"ocean_menu_typo_spacing_tablet":0,"ocean_menu_typo_spacing_mobile":0,"ocean_menu_typo_spacing_unit":"","ocean_menu_link_color":"","ocean_menu_link_color_hover":"","ocean_menu_link_color_active":"","ocean_menu_link_background":"","ocean_menu_link_hover_background":"","ocean_menu_link_active_background":"","ocean_menu_social_links_bg":"","ocean_menu_social_hover_links_bg":"","ocean_menu_social_links_color":"","ocean_menu_social_hover_links_color":"","ocean_disable_title":"on","ocean_disable_heading":"default","ocean_post_title":"","ocean_post_subheading":"","ocean_post_title_style":"","ocean_post_title_background_color":"","ocean_post_title_background":0,"ocean_post_title_bg_image_position":"","ocean_post_title_bg_image_attachment":"","ocean_post_title_bg_image_repeat":"","ocean_post_title_bg_image_size":"","ocean_post_title_height":0,"ocean_post_title_bg_overlay":0.5,"ocean_post_title_bg_overlay_color":"","ocean_disable_breadcrumbs":"off","ocean_breadcrumbs_color":"","ocean_breadcrumbs_separator_color":"","ocean_breadcrumbs_links_color":"","ocean_breadcrumbs_links_hover_color":"","ocean_display_footer_widgets":"on","ocean_display_footer_bottom":"on","ocean_custom_footer_template":"0","footnotes":""},"class_list":["post-422","page","type-page","status-publish","hentry","entry"],"_links":{"self":[{"href":"https:\/\/ruderverein-steyr.at\/index.php\/wp-json\/wp\/v2\/pages\/422","targetHints":{"allow":["GET"]}}],"collection":[{"href":"https:\/\/ruderverein-steyr.at\/index.php\/wp-json\/wp\/v2\/pages"}],"about":[{"href":"https:\/\/ruderverein-steyr.at\/index.php\/wp-json\/wp\/v2\/types\/page"}],"author":[{"embeddable":true,"href":"https:\/\/ruderverein-steyr.at\/index.php\/wp-json\/wp\/v2\/users\/1"}],"replies":[{"embeddable":true,"href":"https:\/\/ruderverein-steyr.at\/index.php\/wp-json\/wp\/v2\/comments?post=422"}],"version-history":[{"count":4,"href":"https:\/\/ruderverein-steyr.at\/index.php\/wp-json\/wp\/v2\/pages\/422\/revisions"}],"predecessor-version":[{"id":435,"href":"https:\/\/ruderverein-steyr.at\/index.php\/wp-json\/wp\/v2\/pages\/422\/revisions\/435"}],"wp:attachment":[{"href":"https:\/\/ruderverein-steyr.at\/index.php\/wp-json\/wp\/v2\/media?parent=422"}],"curies":[{"name":"wp","href":"https:\/\/api.w.org\/{rel}","templated":true}]}}