{"id":3146,"date":"2025-02-05T09:20:28","date_gmt":"2025-02-05T07:20:28","guid":{"rendered":"https:\/\/ruderverein-steyr.at\/?page_id=3146"},"modified":"2026-02-08T18:20:31","modified_gmt":"2026-02-08T16:20:31","slug":"2025-2","status":"publish","type":"page","link":"https:\/\/ruderverein-steyr.at\/index.php\/2025-2\/","title":{"rendered":"2025"},"content":{"rendered":"\t\t<div data-elementor-type=\"wp-page\" data-elementor-id=\"3146\" class=\"elementor elementor-3146\">\n\t\t\t\t\t\t<section class=\"elementor-section elementor-top-section elementor-element elementor-element-f2aa948 elementor-section-boxed elementor-section-height-default elementor-section-height-default\" data-id=\"f2aa948\" data-element_type=\"section\" data-e-type=\"section\">\n\t\t\t\t\t\t<div class=\"elementor-container elementor-column-gap-default\">\n\t\t\t\t\t<div class=\"elementor-column elementor-col-100 elementor-top-column elementor-element elementor-element-a4e6b82 elementor-invisible\" data-id=\"a4e6b82\" data-element_type=\"column\" data-e-type=\"column\" data-settings=\"{&quot;animation&quot;:&quot;zoomIn&quot;}\">\n\t\t\t<div class=\"elementor-widget-wrap elementor-element-populated\">\n\t\t\t\t\t\t<div class=\"elementor-element elementor-element-418a4e5 elementor-arrows-position-outside elementor-invisible elementor-widget elementor-widget-image-carousel\" data-id=\"418a4e5\" data-element_type=\"widget\" data-e-type=\"widget\" data-settings=\"{&quot;slides_to_show&quot;:&quot;3&quot;,&quot;navigation&quot;:&quot;arrows&quot;,&quot;autoplay_speed&quot;:700,&quot;speed&quot;:700,&quot;image_spacing_custom&quot;:{&quot;unit&quot;:&quot;px&quot;,&quot;size&quot;:14,&quot;sizes&quot;:[]},&quot;_animation&quot;:&quot;fadeIn&quot;,&quot;autoplay&quot;:&quot;yes&quot;,&quot;pause_on_hover&quot;:&quot;yes&quot;,&quot;pause_on_interaction&quot;:&quot;yes&quot;,&quot;infinite&quot;:&quot;yes&quot;,&quot;image_spacing_custom_tablet&quot;:{&quot;unit&quot;:&quot;px&quot;,&quot;size&quot;:&quot;&quot;,&quot;sizes&quot;:[]},&quot;image_spacing_custom_mobile&quot;:{&quot;unit&quot;:&quot;px&quot;,&quot;size&quot;:&quot;&quot;,&quot;sizes&quot;:[]}}\" data-widget_type=\"image-carousel.default\">\n\t\t\t\t<div class=\"elementor-widget-container\">\n\t\t\t\t\t\t\t<div class=\"elementor-image-carousel-wrapper swiper\" role=\"region\" aria-roledescription=\"carousel\" aria-label=\"Image Carousel\" dir=\"ltr\">\n\t\t\t<div class=\"elementor-image-carousel swiper-wrapper\" aria-live=\"off\">\n\t\t\t\t\t\t\t\t<div class=\"swiper-slide\" role=\"group\" aria-roledescription=\"slide\" aria-label=\"1 of 6\"><figure class=\"swiper-slide-inner\"><img decoding=\"async\" class=\"swiper-slide-image\" src=\"https:\/\/ruderverein-steyr.at\/wp-content\/uploads\/2022\/02\/20210918_100343-scaled-e1645293695778-1536x1150.jpg\" alt=\"20210918_100343\" \/><\/figure><\/div><div class=\"swiper-slide\" role=\"group\" aria-roledescription=\"slide\" aria-label=\"2 of 6\"><figure class=\"swiper-slide-inner\"><img decoding=\"async\" class=\"swiper-slide-image\" src=\"https:\/\/ruderverein-steyr.at\/wp-content\/uploads\/2022\/02\/20210918_095545-scaled-e1645294020783-1536x1150.jpg\" alt=\"20210918_095545\" \/><\/figure><\/div><div class=\"swiper-slide\" role=\"group\" aria-roledescription=\"slide\" aria-label=\"3 of 6\"><figure class=\"swiper-slide-inner\"><img decoding=\"async\" class=\"swiper-slide-image\" src=\"https:\/\/ruderverein-steyr.at\/wp-content\/uploads\/2022\/02\/20210806_184904-scaled-e1645293636865-1536x1150.jpg\" alt=\"20210806_184904\" \/><\/figure><\/div><div class=\"swiper-slide\" role=\"group\" aria-roledescription=\"slide\" aria-label=\"4 of 6\"><figure class=\"swiper-slide-inner\"><img decoding=\"async\" class=\"swiper-slide-image\" src=\"https:\/\/ruderverein-steyr.at\/wp-content\/uploads\/2022\/02\/20210806_175104-scaled-e1645293785390-1536x1150.jpg\" alt=\"20210806_175104\" \/><\/figure><\/div><div class=\"swiper-slide\" role=\"group\" aria-roledescription=\"slide\" aria-label=\"5 of 6\"><figure class=\"swiper-slide-inner\"><img decoding=\"async\" class=\"swiper-slide-image\" src=\"https:\/\/ruderverein-steyr.at\/wp-content\/uploads\/2022\/02\/20210806_174423-scaled-e1645293761672-1536x1150.jpg\" alt=\"20210806_174423\" \/><\/figure><\/div><div class=\"swiper-slide\" role=\"group\" aria-roledescription=\"slide\" aria-label=\"6 of 6\"><figure class=\"swiper-slide-inner\"><img decoding=\"async\" class=\"swiper-slide-image\" src=\"https:\/\/ruderverein-steyr.at\/wp-content\/uploads\/2021\/08\/Rudekurs-e1645293937175.jpg\" alt=\"Rudekurs\" \/><\/figure><\/div>\t\t\t<\/div>\n\t\t\t\t\t\t\t\t\t\t\t\t<div class=\"elementor-swiper-button elementor-swiper-button-prev\" role=\"button\" tabindex=\"0\">\n\t\t\t\t\t\t<i aria-hidden=\"true\" class=\"eicon-chevron-left\"><\/i>\t\t\t\t\t<\/div>\n\t\t\t\t\t<div class=\"elementor-swiper-button elementor-swiper-button-next\" role=\"button\" tabindex=\"0\">\n\t\t\t\t\t\t<i aria-hidden=\"true\" class=\"eicon-chevron-right\"><\/i>\t\t\t\t\t<\/div>\n\t\t\t\t\n\t\t\t\t\t\t\t\t\t<\/div>\n\t\t\t\t\t\t<\/div>\n\t\t\t\t<\/div>\n\t\t\t\t\t<\/div>\n\t\t<\/div>\n\t\t\t\t\t<\/div>\n\t\t<\/section>\n\t\t\t\t<section class=\"elementor-section elementor-top-section elementor-element elementor-element-bd33cba elementor-section-boxed elementor-section-height-default elementor-section-height-default\" data-id=\"bd33cba\" data-element_type=\"section\" data-e-type=\"section\">\n\t\t\t\t\t\t<div class=\"elementor-container elementor-column-gap-default\">\n\t\t\t\t\t<div class=\"elementor-column elementor-col-33 elementor-top-column elementor-element elementor-element-b6eb108\" data-id=\"b6eb108\" data-element_type=\"column\" data-e-type=\"column\">\n\t\t\t<div class=\"elementor-widget-wrap\">\n\t\t\t\t\t\t\t<\/div>\n\t\t<\/div>\n\t\t\t\t<div class=\"elementor-column elementor-col-33 elementor-top-column elementor-element elementor-element-8a79470\" data-id=\"8a79470\" data-element_type=\"column\" data-e-type=\"column\" data-settings=\"{&quot;background_background&quot;:&quot;classic&quot;}\">\n\t\t\t<div class=\"elementor-widget-wrap elementor-element-populated\">\n\t\t\t\t\t\t<div class=\"elementor-element elementor-element-4915b76 elementor-widget elementor-widget-text-editor\" data-id=\"4915b76\" data-element_type=\"widget\" data-e-type=\"widget\" data-widget_type=\"text-editor.default\">\n\t\t\t\t<div class=\"elementor-widget-container\">\n\t\t\t\t\t\t\t\t\t<h1>\u00a0<\/h1><h1 style=\"text-align: center;\"><strong>BEITR\u00c4GE AUS DEM JAHR 2025<\/strong><\/h1><h3>\u00a0<\/h3><h3 style=\"text-align: center;\"><a href=\"https:\/\/ruderverein-steyr.at\/index.php\/2025\/12\/13\/jahresrueckblick-2025\/\">Jahresr\u00fcckblick 2025<\/a><\/h3><h3 style=\"text-align: center;\"><a href=\"https:\/\/ruderverein-steyr.at\/index.php\/2025\/12\/13\/garstner-advent-2\/\">Alle Jahre wieder &#8211; Garstner Adventmarkt<\/a><\/h3><h3 style=\"text-align: center;\"><a href=\"https:\/\/ruderverein-steyr.at\/index.php\/2025\/10\/14\/abrudern-2\/\"><span data-olk-copy-source=\"MessageBody\">Genussvolles Saisonende<\/span><\/a><\/h3><h3 style=\"text-align: center;\"><a href=\"https:\/\/ruderverein-steyr.at\/index.php\/2025\/09\/20\/wanderfahrt-mondsee\/\">Zu Gast beim Ruderclub Mondsee<\/a><\/h3><h3 style=\"text-align: center;\"><a href=\"https:\/\/ruderverein-steyr.at\/index.php\/2025\/09\/16\/nachruf-payrleithner\/\">Nachruf <span data-olk-copy-source=\"MessageBody\">Adalbert Wolfgang Payrleithner<\/span><\/a><\/h3><h3 style=\"text-align: center;\"><a href=\"https:\/\/ruderverein-steyr.at\/index.php\/2025\/08\/24\/heimatleuchten\/\">Unser Ruderverein im Fernsehen<\/a><\/h3><h3 style=\"text-align: center;\"><a href=\"https:\/\/ruderverein-steyr.at\/index.php\/2025\/07\/29\/nachruf\/\">Nachruf Mag. Hannelore Schlo\u00dfbauer<\/a><\/h3><h3 style=\"text-align: center;\"><a href=\"https:\/\/ruderverein-steyr.at\/index.php\/2025\/07\/08\/auf-wanderfahrt-mit-judoka\/\"><span data-olk-copy-source=\"MessageBody\">Auf Wanderfahrt mit Judoka<\/span><\/a><\/h3><h3 style=\"text-align: center;\"><a href=\"https:\/\/ruderverein-steyr.at\/index.php\/2025\/06\/26\/theresa-christoph-gaben-sich-das-ja-wort\/\">Theresa &amp; Christoph gaben sich das JA-Wort<\/a><\/h3><h3 style=\"text-align: center;\"><a href=\"https:\/\/ruderverein-steyr.at\/index.php\/2025\/06\/08\/tag-des-steyrer-sports-4\/\">Tag des Steyrer Sports<\/a><\/h3><h3 style=\"text-align: center;\"><a href=\"https:\/\/ruderverein-steyr.at\/index.php\/2025\/04\/30\/wassersport-saisoneroeffnung-3\/\">Startschuss f\u00fcr die Wassersportsaison 2025<\/a><\/h3><h3 style=\"text-align: center;\"><a href=\"https:\/\/ruderverein-steyr.at\/index.php\/2025\/04\/12\/fruehjahrsputz\/\">Fr\u00fchjahrsputz im Bootshaus Steyr &amp; Garsten<\/a><\/h3><h3 style=\"text-align: center;\"><a href=\"https:\/\/ruderverein-steyr.at\/index.php\/2025\/02\/05\/hirtenlehner-ist-indoor-vize-meisterin\/\">Hirtenlehner ist Indoor-Vize-Meistern!<\/a><\/h3><h3 style=\"text-align: center;\">\u00a0<\/h3>\t\t\t\t\t\t\t\t<\/div>\n\t\t\t\t<\/div>\n\t\t\t\t\t<\/div>\n\t\t<\/div>\n\t\t\t\t<div class=\"elementor-column elementor-col-33 elementor-top-column elementor-element elementor-element-cc8d51e\" data-id=\"cc8d51e\" data-element_type=\"column\" data-e-type=\"column\">\n\t\t\t<div class=\"elementor-widget-wrap\">\n\t\t\t\t\t\t\t<\/div>\n\t\t<\/div>\n\t\t\t\t\t<\/div>\n\t\t<\/section>\n\t\t\t\t<section class=\"elementor-section elementor-top-section elementor-element elementor-element-a7a8978 elementor-section-boxed elementor-section-height-default elementor-section-height-default\" data-id=\"a7a8978\" data-element_type=\"section\" data-e-type=\"section\">\n\t\t\t\t\t\t<div class=\"elementor-container elementor-column-gap-default\">\n\t\t\t\t\t<div class=\"elementor-column elementor-col-100 elementor-top-column elementor-element elementor-element-c85b61e\" data-id=\"c85b61e\" data-element_type=\"column\" data-e-type=\"column\">\n\t\t\t<div class=\"elementor-widget-wrap elementor-element-populated\">\n\t\t\t\t\t\t<div class=\"elementor-element elementor-element-8c404d9 elementor-widget elementor-widget-spacer\" data-id=\"8c404d9\" data-element_type=\"widget\" data-e-type=\"widget\" data-widget_type=\"spacer.default\">\n\t\t\t\t<div class=\"elementor-widget-container\">\n\t\t\t\t\t\t\t<div class=\"elementor-spacer\">\n\t\t\t<div class=\"elementor-spacer-inner\"><\/div>\n\t\t<\/div>\n\t\t\t\t\t\t<\/div>\n\t\t\t\t<\/div>\n\t\t\t\t\t<\/div>\n\t\t<\/div>\n\t\t\t\t\t<\/div>\n\t\t<\/section>\n\t\t\t\t<\/div>\n\t\t","protected":false},"excerpt":{"rendered":"<p>\u00a0 BEITR\u00c4GE AUS DEM JAHR 2025 \u00a0 Jahresr\u00fcckblick 2025 Alle Jahre wieder &#8211; Garstner Adventmarkt Genussvolles Saisonende Zu Gast beim Ruderclub Mondsee Nachruf Adalbert Wolfgang Payrleithner Unser Ruderverein im Fernsehen Nachruf Mag. Hannelore Schlo\u00dfbauer Auf Wanderfahrt mit Judoka Theresa &amp; Christoph gaben sich das JA-Wort Tag des Steyrer Sports Startschuss f\u00fcr die Wassersportsaison 2025 Fr\u00fchjahrsputz [&hellip;]<\/p>\n","protected":false},"author":2,"featured_media":0,"parent":0,"menu_order":1,"comment_status":"closed","ping_status":"closed","template":"","meta":{"ocean_post_layout":"","ocean_both_sidebars_style":"","ocean_both_sidebars_content_width":0,"ocean_both_sidebars_sidebars_width":0,"ocean_sidebar":"0","ocean_second_sidebar":"0","ocean_disable_margins":"enable","ocean_add_body_class":"","ocean_shortcode_before_top_bar":"","ocean_shortcode_after_top_bar":"","ocean_shortcode_before_header":"","ocean_shortcode_after_header":"","ocean_has_shortcode":"","ocean_shortcode_after_title":"","ocean_shortcode_before_footer_widgets":"","ocean_shortcode_after_footer_widgets":"","ocean_shortcode_before_footer_bottom":"","ocean_shortcode_after_footer_bottom":"","ocean_display_top_bar":"default","ocean_display_header":"default","ocean_header_style":"","ocean_center_header_left_menu":"0","ocean_custom_header_template":"0","ocean_custom_logo":0,"ocean_custom_retina_logo":0,"ocean_custom_logo_max_width":0,"ocean_custom_logo_tablet_max_width":0,"ocean_custom_logo_mobile_max_width":0,"ocean_custom_logo_max_height":0,"ocean_custom_logo_tablet_max_height":0,"ocean_custom_logo_mobile_max_height":0,"ocean_header_custom_menu":"0","ocean_menu_typo_font_family":"0","ocean_menu_typo_font_subset":"","ocean_menu_typo_font_size":0,"ocean_menu_typo_font_size_tablet":0,"ocean_menu_typo_font_size_mobile":0,"ocean_menu_typo_font_size_unit":"px","ocean_menu_typo_font_weight":"","ocean_menu_typo_font_weight_tablet":"","ocean_menu_typo_font_weight_mobile":"","ocean_menu_typo_transform":"","ocean_menu_typo_transform_tablet":"","ocean_menu_typo_transform_mobile":"","ocean_menu_typo_line_height":0,"ocean_menu_typo_line_height_tablet":0,"ocean_menu_typo_line_height_mobile":0,"ocean_menu_typo_line_height_unit":"","ocean_menu_typo_spacing":0,"ocean_menu_typo_spacing_tablet":0,"ocean_menu_typo_spacing_mobile":0,"ocean_menu_typo_spacing_unit":"","ocean_menu_link_color":"","ocean_menu_link_color_hover":"","ocean_menu_link_color_active":"","ocean_menu_link_background":"","ocean_menu_link_hover_background":"","ocean_menu_link_active_background":"","ocean_menu_social_links_bg":"","ocean_menu_social_hover_links_bg":"","ocean_menu_social_links_color":"","ocean_menu_social_hover_links_color":"","ocean_disable_title":"default","ocean_disable_heading":"default","ocean_post_title":"","ocean_post_subheading":"","ocean_post_title_style":"","ocean_post_title_background_color":"","ocean_post_title_background":0,"ocean_post_title_bg_image_position":"","ocean_post_title_bg_image_attachment":"","ocean_post_title_bg_image_repeat":"","ocean_post_title_bg_image_size":"","ocean_post_title_height":0,"ocean_post_title_bg_overlay":0.5,"ocean_post_title_bg_overlay_color":"","ocean_disable_breadcrumbs":"default","ocean_breadcrumbs_color":"","ocean_breadcrumbs_separator_color":"","ocean_breadcrumbs_links_color":"","ocean_breadcrumbs_links_hover_color":"","ocean_display_footer_widgets":"default","ocean_display_footer_bottom":"default","ocean_custom_footer_template":"0","footnotes":""},"class_list":["post-3146","page","type-page","status-publish","hentry","entry"],"_links":{"self":[{"href":"https:\/\/ruderverein-steyr.at\/index.php\/wp-json\/wp\/v2\/pages\/3146","targetHints":{"allow":["GET"]}}],"collection":[{"href":"https:\/\/ruderverein-steyr.at\/index.php\/wp-json\/wp\/v2\/pages"}],"about":[{"href":"https:\/\/ruderverein-steyr.at\/index.php\/wp-json\/wp\/v2\/types\/page"}],"author":[{"embeddable":true,"href":"https:\/\/ruderverein-steyr.at\/index.php\/wp-json\/wp\/v2\/users\/2"}],"replies":[{"embeddable":true,"href":"https:\/\/ruderverein-steyr.at\/index.php\/wp-json\/wp\/v2\/comments?post=3146"}],"version-history":[{"count":45,"href":"https:\/\/ruderverein-steyr.at\/index.php\/wp-json\/wp\/v2\/pages\/3146\/revisions"}],"predecessor-version":[{"id":3738,"href":"https:\/\/ruderverein-steyr.at\/index.php\/wp-json\/wp\/v2\/pages\/3146\/revisions\/3738"}],"wp:attachment":[{"href":"https:\/\/ruderverein-steyr.at\/index.php\/wp-json\/wp\/v2\/media?parent=3146"}],"curies":[{"name":"wp","href":"https:\/\/api.w.org\/{rel}","templated":true}]}}